{"id":3615,"date":"2020-06-28T03:01:20","date_gmt":"2020-06-28T03:01:20","guid":{"rendered":"https:\/\/essentials.pixfort.com\/original\/?page_id=3615"},"modified":"2025-07-05T14:45:06","modified_gmt":"2025-07-05T11:45:06","slug":"misyonumuz","status":"publish","type":"page","link":"https:\/\/cesmegrandstar.com\/?page_id=3615","title":{"rendered":"Misyonumuz"},"content":{"rendered":"\t\t<div data-elementor-type=\"wp-page\" data-elementor-id=\"3615\" class=\"elementor elementor-3615\" data-elementor-post-type=\"page\">\n\t\t\t\t\t\t<section class=\"elementor-section elementor-top-section elementor-element elementor-element-8e149f4 elementor-section-boxed elementor-section-height-default elementor-section-height-default\" data-id=\"8e149f4\" data-element_type=\"section\">\n\t\t\t\t\t\t<div class=\"elementor-container elementor-column-gap-default\">\n\t\t\t\t\t<div class=\"elementor-column elementor-col-100 elementor-top-column elementor-element elementor-element-2d525fd\" data-id=\"2d525fd\" data-element_type=\"column\">\n\t\t\t<div class=\"elementor-widget-wrap elementor-element-populated\">\n\t\t\t\t\t\t<section class=\"elementor-section elementor-inner-section elementor-element elementor-element-bb8516b bg-white shadow-lg rounded-xl overflow-hidden elementor-section-boxed elementor-section-height-default elementor-section-height-default\" data-id=\"bb8516b\" data-element_type=\"section\">\n\t\t\t\t\t\t<div class=\"elementor-container elementor-column-gap-default\">\n\t\t\t\t\t<div class=\"elementor-column elementor-col-50 elementor-inner-column elementor-element elementor-element-8a4665f\" data-id=\"8a4665f\" data-element_type=\"column\">\n\t\t\t<div class=\"elementor-widget-wrap elementor-element-populated\">\n\t\t\t\t\t\t<div class=\"elementor-element elementor-element-a6a1b52 elementor-invisible elementor-widget elementor-widget-pix-badge\" data-id=\"a6a1b52\" data-element_type=\"widget\" data-widget_type=\"pix-badge.default\">\n\t\t\t\t<div class=\"elementor-widget-container\">\n\t\t\t\t\t<span class=\"pix-badge-element h6 d-inline-block mr-1 animate-in\" data-anim-type=\"fade-in-up\" data-anim-delay=\"0\"><span class=\"badge font-weight-bold secondary-font bg-gray-2  \" style=\" \"><span class=\"text-heading-default\" style=\"\">40 Y\u0131l\u0131 A\u015fan Deneyim, Binlerce Mutlu Misafir<\/span><\/span><\/span>\t\t\t\t<\/div>\n\t\t\t\t<\/div>\n\t\t\t\t<div class=\"elementor-element elementor-element-b7022f3 elementor-widget elementor-widget-pix-sliding-text\" data-id=\"b7022f3\" data-element_type=\"widget\" data-widget_type=\"pix-sliding-text.default\">\n\t\t\t\t<div class=\"elementor-widget-container\">\n\t\t\t\t\t<div id=\"sliding-text-158240486\" class=\"mb-3 text-left \"><h2 class=\"mb-32 pix-sliding-headline-2 animate-in font-weight-bold secondary-font \" data-anim-type=\"pix-sliding-text\" pix-anim-delay=\"500\" data-class=\"secondary-font text-heading-default\" style=\"\"><span class=\"slide-in-container \"><span class=\"pix-sliding-item secondary-font text-heading-default\" style=\"transition-delay: 0ms;\">Misyonumuz&#32;<\/span><\/span> <\/h2><\/div>\t\t\t\t<\/div>\n\t\t\t\t<\/div>\n\t\t\t\t<div class=\"elementor-element elementor-element-bb66995 elementor-invisible elementor-widget elementor-widget-pix-text\" data-id=\"bb66995\" data-element_type=\"widget\" data-widget_type=\"pix-text.default\">\n\t\t\t\t<div class=\"elementor-widget-container\">\n\t\t\t\t\t<div class=\"pix-el-text w-100 text-left \" ><p class=\" resp-option  text-left \" ><span class=\" animate-in d-inline-block\" data-anim-delay=\"200\" data-anim-type=\"fade-in-up\">Ege\u2019nin e\u015fsiz do\u011fas\u0131n\u0131, huzurunu ve g\u00fczelli\u011fini herkesin g\u00fcvenle ve keyifle deneyimlemesini sa\u011flamak. Misafirlerimizin her biri i\u00e7in \u00f6zel an\u0131lar yaratmak.\n<br><br>\nGrand Star ailesi olarak sizi de aram\u0131zda g\u00f6rmekten mutluluk duyar\u0131z.\n\u00c7e\u015fme Marina\u2019dan her g\u00fcn denize a\u00e7\u0131l\u0131yor, maviliklerde bulu\u015fuyoruz!<\/span><\/p><\/div>\t\t\t\t<\/div>\n\t\t\t\t<\/div>\n\t\t\t\t<div class=\"elementor-element elementor-element-7c3d5ee elementor-widget__width-auto elementor-widget elementor-widget-pix-button\" data-id=\"7c3d5ee\" data-element_type=\"widget\" data-widget_type=\"pix-button.default\">\n\t\t\t\t<div class=\"elementor-widget-container\">\n\t\t\t\t\t<a  href=\"https:\/\/cesmegrandstar.com\/?page_id=13455\" class=\"btn m-0     shadow-lg shadow-hover-lg btn-blink-gray-7 d-inline-block    secondary-font  animate-in btn-md\"   data-anim-type=\"fade-in-up\" data-anim-delay=\"400\" ><i class=\"font-weight-bold pixicon-phone   mr-1\"><\/i> <span class=\"font-weight-bold \" >\u0130leti\u015fim<\/span><\/a>\t\t\t\t<\/div>\n\t\t\t\t<\/div>\n\t\t\t\t<div class=\"elementor-element elementor-element-fe2bf3e elementor-widget__width-auto elementor-widget elementor-widget-pix-button\" data-id=\"fe2bf3e\" data-element_type=\"widget\" data-widget_type=\"pix-button.default\">\n\t\t\t\t<div class=\"elementor-widget-container\">\n\t\t\t\t\t<a  href=\"tel:+905437432681\" class=\"btn m-0     text-body-default btn-underline-orange d-inline-block    secondary-font  animate-in btn-md\"   data-anim-type=\"fade-in-up\" data-anim-delay=\"400\" ><i class=\"font-weight-bold pixicon-messages-3   mr-1\"><\/i> <span class=\"font-weight-bold  text-body-default\" >H\u0131zl\u0131 \u0130leti\u015fim<\/span><\/a>\t\t\t\t<\/div>\n\t\t\t\t<\/div>\n\t\t\t\t\t<\/div>\n\t\t<\/div>\n\t\t\t\t<div class=\"elementor-column elementor-col-50 elementor-inner-column elementor-element elementor-element-4a0ddee\" data-id=\"4a0ddee\" data-element_type=\"column\" data-settings=\"{&quot;background_background&quot;:&quot;slideshow&quot;,&quot;background_slideshow_gallery&quot;:[{&quot;id&quot;:13555,&quot;url&quot;:&quot;https:\\\/\\\/cesmegrandstar.com\\\/wp-content\\\/uploads\\\/2025\\\/06\\\/293074070_455136686617119_3767268819584688607_n.jpg&quot;}],&quot;background_slideshow_loop&quot;:&quot;yes&quot;,&quot;background_slideshow_slide_duration&quot;:5000,&quot;background_slideshow_slide_transition&quot;:&quot;fade&quot;,&quot;background_slideshow_transition_duration&quot;:500}\">\n\t\t\t<div class=\"elementor-widget-wrap elementor-element-populated\">\n\t\t\t\t\t\t<div class=\"elementor-element elementor-element-a8f9e54 elementor-widget elementor-widget-spacer\" data-id=\"a8f9e54\" data-element_type=\"widget\" data-widget_type=\"spacer.default\">\n\t\t\t\t<div class=\"elementor-widget-container\">\n\t\t\t\t\t\t\t<div class=\"elementor-spacer\">\n\t\t\t<div class=\"elementor-spacer-inner\"><\/div>\n\t\t<\/div>\n\t\t\t\t\t\t<\/div>\n\t\t\t\t<\/div>\n\t\t\t\t\t<\/div>\n\t\t<\/div>\n\t\t\t\t\t<\/div>\n\t\t<\/section>\n\t\t\t\t\t<\/div>\n\t\t<\/div>\n\t\t\t\t\t<\/div>\n\t\t<\/section>\n\t\t\t\t<\/div>\n\t\t","protected":false},"excerpt":{"rendered":"<p>40 Y\u0131l\u0131 A\u015fan Deneyim, Binlerce Mutlu Misafir Misyonumuz&#32; Ege\u2019nin e\u015fsiz do\u011fas\u0131n\u0131, huzurunu ve g\u00fczelli\u011fini herkesin g\u00fcvenle ve keyifle deneyimlemesini sa\u011flamak. Misafirlerimizin her biri i\u00e7in \u00f6zel an\u0131lar yaratmak. Grand Star ailesi olarak sizi de aram\u0131zda g\u00f6rmekten mutluluk duyar\u0131z. \u00c7e\u015fme Marina\u2019dan her&#8230;<\/p>\n","protected":false},"author":1,"featured_media":0,"parent":0,"menu_order":0,"comment_status":"closed","ping_status":"closed","template":"","meta":{"footnotes":""},"class_list":["post-3615","page","type-page","status-publish","hentry"],"yoast_head":"<!-- This site is optimized with the Yoast SEO plugin v25.2 - https:\/\/yoast.com\/wordpress\/plugins\/seo\/ -->\n<title>Misyonumuz - \u00c7e\u015fme Grand Star Tekne Turlar\u0131<\/title>\n<meta name=\"description\" content=\"Grand Star\u2019\u0131n misyonu; her misafirine g\u00fcvenli, keyifli ve unutulmaz bir tekne turu deneyimi sunmakt\u0131r.\" \/>\n<meta name=\"robots\" content=\"index, follow, max-snippet:-1, max-image-preview:large, max-video-preview:-1\" \/>\n<link rel=\"canonical\" href=\"https:\/\/cesmegrandstar.com\/?page_id=3615\" \/>\n<meta property=\"og:locale\" content=\"tr_TR\" \/>\n<meta property=\"og:type\" content=\"article\" \/>\n<meta property=\"og:title\" content=\"Misyonumuz - \u00c7e\u015fme Grand Star Tekne Turlar\u0131\" \/>\n<meta property=\"og:description\" content=\"Grand Star\u2019\u0131n misyonu; her misafirine g\u00fcvenli, keyifli ve unutulmaz bir tekne turu deneyimi sunmakt\u0131r.\" \/>\n<meta property=\"og:url\" content=\"https:\/\/cesmegrandstar.com\/?page_id=3615\" \/>\n<meta property=\"og:site_name\" content=\"\u00c7e\u015fme Grand Star Tekne Turlar\u0131\" \/>\n<meta property=\"article:modified_time\" content=\"2025-07-05T11:45:06+00:00\" \/>\n<meta name=\"twitter:card\" content=\"summary_large_image\" \/>\n<meta name=\"twitter:label1\" content=\"Tahmini okuma s\u00fcresi\" \/>\n\t<meta name=\"twitter:data1\" content=\"1 dakika\" \/>\n<script type=\"application\/ld+json\" class=\"yoast-schema-graph\">{\"@context\":\"https:\/\/schema.org\",\"@graph\":[{\"@type\":\"WebPage\",\"@id\":\"https:\/\/cesmegrandstar.com\/?page_id=3615\",\"url\":\"https:\/\/cesmegrandstar.com\/?page_id=3615\",\"name\":\"Misyonumuz - \u00c7e\u015fme Grand Star Tekne Turlar\u0131\",\"isPartOf\":{\"@id\":\"https:\/\/cesmegrandstar.com\/#website\"},\"datePublished\":\"2020-06-28T03:01:20+00:00\",\"dateModified\":\"2025-07-05T11:45:06+00:00\",\"description\":\"Grand Star\u2019\u0131n misyonu; her misafirine g\u00fcvenli, keyifli ve unutulmaz bir tekne turu deneyimi sunmakt\u0131r.\",\"breadcrumb\":{\"@id\":\"https:\/\/cesmegrandstar.com\/?page_id=3615#breadcrumb\"},\"inLanguage\":\"tr\",\"potentialAction\":[{\"@type\":\"ReadAction\",\"target\":[\"https:\/\/cesmegrandstar.com\/?page_id=3615\"]}]},{\"@type\":\"BreadcrumbList\",\"@id\":\"https:\/\/cesmegrandstar.com\/?page_id=3615#breadcrumb\",\"itemListElement\":[{\"@type\":\"ListItem\",\"position\":1,\"name\":\"Anasayfa\",\"item\":\"https:\/\/cesmegrandstar.com\/\"},{\"@type\":\"ListItem\",\"position\":2,\"name\":\"Misyonumuz\"}]},{\"@type\":\"WebSite\",\"@id\":\"https:\/\/cesmegrandstar.com\/#website\",\"url\":\"https:\/\/cesmegrandstar.com\/\",\"name\":\"\u00c7e\u015fme Grand Star Tekne Turlar\u0131\",\"description\":\"\",\"potentialAction\":[{\"@type\":\"SearchAction\",\"target\":{\"@type\":\"EntryPoint\",\"urlTemplate\":\"https:\/\/cesmegrandstar.com\/?s={search_term_string}\"},\"query-input\":{\"@type\":\"PropertyValueSpecification\",\"valueRequired\":true,\"valueName\":\"search_term_string\"}}],\"inLanguage\":\"tr\"}]}<\/script>\n<!-- \/ Yoast SEO plugin. -->","yoast_head_json":{"title":"Misyonumuz - \u00c7e\u015fme Grand Star Tekne Turlar\u0131","description":"Grand Star\u2019\u0131n misyonu; her misafirine g\u00fcvenli, keyifli ve unutulmaz bir tekne turu deneyimi sunmakt\u0131r.","robots":{"index":"index","follow":"follow","max-snippet":"max-snippet:-1","max-image-preview":"max-image-preview:large","max-video-preview":"max-video-preview:-1"},"canonical":"https:\/\/cesmegrandstar.com\/?page_id=3615","og_locale":"tr_TR","og_type":"article","og_title":"Misyonumuz - \u00c7e\u015fme Grand Star Tekne Turlar\u0131","og_description":"Grand Star\u2019\u0131n misyonu; her misafirine g\u00fcvenli, keyifli ve unutulmaz bir tekne turu deneyimi sunmakt\u0131r.","og_url":"https:\/\/cesmegrandstar.com\/?page_id=3615","og_site_name":"\u00c7e\u015fme Grand Star Tekne Turlar\u0131","article_modified_time":"2025-07-05T11:45:06+00:00","twitter_card":"summary_large_image","twitter_misc":{"Tahmini okuma s\u00fcresi":"1 dakika"},"schema":{"@context":"https:\/\/schema.org","@graph":[{"@type":"WebPage","@id":"https:\/\/cesmegrandstar.com\/?page_id=3615","url":"https:\/\/cesmegrandstar.com\/?page_id=3615","name":"Misyonumuz - \u00c7e\u015fme Grand Star Tekne Turlar\u0131","isPartOf":{"@id":"https:\/\/cesmegrandstar.com\/#website"},"datePublished":"2020-06-28T03:01:20+00:00","dateModified":"2025-07-05T11:45:06+00:00","description":"Grand Star\u2019\u0131n misyonu; her misafirine g\u00fcvenli, keyifli ve unutulmaz bir tekne turu deneyimi sunmakt\u0131r.","breadcrumb":{"@id":"https:\/\/cesmegrandstar.com\/?page_id=3615#breadcrumb"},"inLanguage":"tr","potentialAction":[{"@type":"ReadAction","target":["https:\/\/cesmegrandstar.com\/?page_id=3615"]}]},{"@type":"BreadcrumbList","@id":"https:\/\/cesmegrandstar.com\/?page_id=3615#breadcrumb","itemListElement":[{"@type":"ListItem","position":1,"name":"Anasayfa","item":"https:\/\/cesmegrandstar.com\/"},{"@type":"ListItem","position":2,"name":"Misyonumuz"}]},{"@type":"WebSite","@id":"https:\/\/cesmegrandstar.com\/#website","url":"https:\/\/cesmegrandstar.com\/","name":"\u00c7e\u015fme Grand Star Tekne Turlar\u0131","description":"","potentialAction":[{"@type":"SearchAction","target":{"@type":"EntryPoint","urlTemplate":"https:\/\/cesmegrandstar.com\/?s={search_term_string}"},"query-input":{"@type":"PropertyValueSpecification","valueRequired":true,"valueName":"search_term_string"}}],"inLanguage":"tr"}]}},"_links":{"self":[{"href":"https:\/\/cesmegrandstar.com\/index.php?rest_route=\/wp\/v2\/pages\/3615","targetHints":{"allow":["GET"]}}],"collection":[{"href":"https:\/\/cesmegrandstar.com\/index.php?rest_route=\/wp\/v2\/pages"}],"about":[{"href":"https:\/\/cesmegrandstar.com\/index.php?rest_route=\/wp\/v2\/types\/page"}],"author":[{"embeddable":true,"href":"https:\/\/cesmegrandstar.com\/index.php?rest_route=\/wp\/v2\/users\/1"}],"replies":[{"embeddable":true,"href":"https:\/\/cesmegrandstar.com\/index.php?rest_route=%2Fwp%2Fv2%2Fcomments&post=3615"}],"version-history":[{"count":34,"href":"https:\/\/cesmegrandstar.com\/index.php?rest_route=\/wp\/v2\/pages\/3615\/revisions"}],"predecessor-version":[{"id":13660,"href":"https:\/\/cesmegrandstar.com\/index.php?rest_route=\/wp\/v2\/pages\/3615\/revisions\/13660"}],"wp:attachment":[{"href":"https:\/\/cesmegrandstar.com\/index.php?rest_route=%2Fwp%2Fv2%2Fmedia&parent=3615"}],"curies":[{"name":"wp","href":"https:\/\/api.w.org\/{rel}","templated":true}]}}