{"id":13669,"date":"2025-07-05T12:29:48","date_gmt":"2025-07-05T09:29:48","guid":{"rendered":"https:\/\/cesmegrandstar.com\/?page_id=13669"},"modified":"2025-07-05T14:35:05","modified_gmt":"2025-07-05T11:35:05","slug":"degerlerimiz","status":"publish","type":"page","link":"https:\/\/cesmegrandstar.com\/?page_id=13669","title":{"rendered":"De\u011ferlerimiz"},"content":{"rendered":"\t\t<div data-elementor-type=\"wp-page\" data-elementor-id=\"13669\" class=\"elementor elementor-13669\" data-elementor-post-type=\"page\">\n\t\t\t\t\t\t<section class=\"elementor-section elementor-top-section elementor-element elementor-element-8e149f4 elementor-section-boxed elementor-section-height-default elementor-section-height-default\" data-id=\"8e149f4\" data-element_type=\"section\">\n\t\t\t\t\t\t<div class=\"elementor-container elementor-column-gap-default\">\n\t\t\t\t\t<div class=\"elementor-column elementor-col-100 elementor-top-column elementor-element elementor-element-2d525fd\" data-id=\"2d525fd\" data-element_type=\"column\">\n\t\t\t<div class=\"elementor-widget-wrap elementor-element-populated\">\n\t\t\t\t\t\t<section class=\"elementor-section elementor-inner-section elementor-element elementor-element-bb8516b bg-white shadow-lg rounded-xl overflow-hidden elementor-section-boxed elementor-section-height-default elementor-section-height-default\" data-id=\"bb8516b\" data-element_type=\"section\">\n\t\t\t\t\t\t<div class=\"elementor-container elementor-column-gap-default\">\n\t\t\t\t\t<div class=\"elementor-column elementor-col-50 elementor-inner-column elementor-element elementor-element-8a4665f\" data-id=\"8a4665f\" data-element_type=\"column\">\n\t\t\t<div class=\"elementor-widget-wrap elementor-element-populated\">\n\t\t\t\t\t\t<div class=\"elementor-element elementor-element-a6a1b52 elementor-invisible elementor-widget elementor-widget-pix-badge\" data-id=\"a6a1b52\" data-element_type=\"widget\" data-widget_type=\"pix-badge.default\">\n\t\t\t\t<div class=\"elementor-widget-container\">\n\t\t\t\t\t<span class=\"pix-badge-element h6 d-inline-block mr-1 animate-in\" data-anim-type=\"fade-in-up\" data-anim-delay=\"0\"><span class=\"badge font-weight-bold secondary-font bg-gray-2  \" style=\" \"><span class=\"text-heading-default\" style=\"\">40 Y\u0131l\u0131 A\u015fan Deneyim, Binlerce Mutlu Misafir<\/span><\/span><\/span>\t\t\t\t<\/div>\n\t\t\t\t<\/div>\n\t\t\t\t<div class=\"elementor-element elementor-element-b7022f3 elementor-widget elementor-widget-pix-sliding-text\" data-id=\"b7022f3\" data-element_type=\"widget\" data-widget_type=\"pix-sliding-text.default\">\n\t\t\t\t<div class=\"elementor-widget-container\">\n\t\t\t\t\t<div id=\"sliding-text-188639050\" class=\"mb-3 text-left \"><h2 class=\"mb-32 pix-sliding-headline-2 animate-in font-weight-bold secondary-font \" data-anim-type=\"pix-sliding-text\" pix-anim-delay=\"500\" data-class=\"secondary-font text-heading-default\" style=\"\"><span class=\"slide-in-container \"><span class=\"pix-sliding-item secondary-font text-heading-default\" style=\"transition-delay: 0ms;\">Bizi&#32;<\/span><\/span> <span class=\"slide-in-container \"><span class=\"pix-sliding-item secondary-font text-heading-default\" style=\"transition-delay: 150ms;\">Biz&#32;<\/span><\/span> <span class=\"slide-in-container \"><span class=\"pix-sliding-item secondary-font text-heading-default\" style=\"transition-delay: 300ms;\">Yapan&#32;<\/span><\/span> <span class=\"slide-in-container \"><span class=\"pix-sliding-item secondary-font text-heading-default\" style=\"transition-delay: 450ms;\">\u0130lkeler&#32;<\/span><\/span> <\/h2><\/div>\t\t\t\t<\/div>\n\t\t\t\t<\/div>\n\t\t\t\t<div class=\"elementor-element elementor-element-bb66995 elementor-invisible elementor-widget elementor-widget-pix-text\" data-id=\"bb66995\" data-element_type=\"widget\" data-widget_type=\"pix-text.default\">\n\t\t\t\t<div class=\"elementor-widget-container\">\n\t\t\t\t\t<div class=\"pix-el-text w-100 text-left \" ><p class=\"resp-option text-left \"><div class=\" animate-in d-inline-block\" data-anim-delay=\"200\" data-anim-type=\"fade-in-up\"><p data-start=\"750\" data-end=\"892\">\ud83d\udd39 <strong data-start=\"753\" data-end=\"766\">G\u00fcvenlik:<\/strong><br data-start=\"766\" data-end=\"769\" \/>Misafirlerimizin sa\u011fl\u0131\u011f\u0131 ve g\u00fcvenli\u011fi her \u015feyin \u00f6n\u00fcnde gelir. T\u00fcm operasyonlar\u0131m\u0131zda maksimum g\u00fcvenlik \u00f6nlemleri uygulan\u0131r.<\/p><p data-start=\"894\" data-end=\"1067\">\ud83d\udd39 <strong data-start=\"897\" data-end=\"921\">Misafir Memnuniyeti:<\/strong><br data-start=\"921\" data-end=\"924\" \/>Her turda kendimizi yeniden misafirimizin yerine koyar, en iyi deneyimi sunmaya \u00e7al\u0131\u015f\u0131r\u0131z. G\u00fcler y\u00fcz, ilgi ve samimiyet en b\u00fcy\u00fck sermayemizdir.<\/p><p data-start=\"1069\" data-end=\"1196\">\ud83d\udd39 <strong data-start=\"1072\" data-end=\"1087\">Deniz A\u015fk\u0131:<\/strong><br data-start=\"1087\" data-end=\"1090\" \/>Bu i\u015f bizim i\u00e7in sadece bir meslek de\u011fil, ya\u015fam tarz\u0131. Denizi sevmeyen de\u011fil, seven \u00e7al\u0131\u015f\u0131r Grand Star\u2019da.<\/p><p data-start=\"1198\" data-end=\"1328\">\ud83d\udd39 <strong data-start=\"1201\" data-end=\"1221\">S\u00fcrekli Geli\u015fim:<\/strong><br data-start=\"1221\" data-end=\"1224\" \/>Deneyimimizle gurur duyarken, teknolojiyi ve yenilikleri takip ederek her sezon daha iyisini hedefleriz.<\/p><p data-start=\"1330\" data-end=\"1476\">\ud83d\udd39 <strong data-start=\"1333\" data-end=\"1360\">D\u00fcr\u00fcstl\u00fck ve \u015eeffafl\u0131k:<\/strong><br data-start=\"1360\" data-end=\"1363\" \/>S\u00f6z verdi\u011fimiz hizmeti tam zaman\u0131nda, eksiksiz ve a\u00e7\u0131k \u015fekilde sunar\u0131z. S\u00fcrpriz \u00fccretler veya belirsizlik yoktur.<\/p><p data-start=\"1478\" data-end=\"1617\">\ud83d\udd39 <strong data-start=\"1481\" data-end=\"1499\">\u00c7evreye Sayg\u0131:<\/strong><br data-start=\"1499\" data-end=\"1502\" \/>Ege\u2019nin e\u015fsiz do\u011fas\u0131n\u0131 korumak bizim g\u00f6revimizdir. Do\u011faya zarar vermeyen, s\u00fcrd\u00fcr\u00fclebilir tur anlay\u0131\u015f\u0131n\u0131 benimseriz.<\/p><\/div><\/p><\/div>\t\t\t\t<\/div>\n\t\t\t\t<\/div>\n\t\t\t\t<div class=\"elementor-element elementor-element-7c3d5ee elementor-widget__width-auto elementor-widget elementor-widget-pix-button\" data-id=\"7c3d5ee\" data-element_type=\"widget\" data-widget_type=\"pix-button.default\">\n\t\t\t\t<div class=\"elementor-widget-container\">\n\t\t\t\t\t<a  href=\"https:\/\/cesmegrandstar.com\/?page_id=13455\" class=\"btn m-0     shadow-lg shadow-hover-lg btn-blink-gray-7 d-inline-block    secondary-font  animate-in btn-md\"   data-anim-type=\"fade-in-up\" data-anim-delay=\"400\" ><i class=\"font-weight-bold pixicon-phone   mr-1\"><\/i> <span class=\"font-weight-bold \" >\u0130leti\u015fim<\/span><\/a>\t\t\t\t<\/div>\n\t\t\t\t<\/div>\n\t\t\t\t<div class=\"elementor-element elementor-element-fe2bf3e elementor-widget__width-auto elementor-widget elementor-widget-pix-button\" data-id=\"fe2bf3e\" data-element_type=\"widget\" data-widget_type=\"pix-button.default\">\n\t\t\t\t<div class=\"elementor-widget-container\">\n\t\t\t\t\t<a  href=\"tel:+905437432681\" class=\"btn m-0     text-body-default btn-underline-orange d-inline-block    secondary-font  animate-in btn-md\"   data-anim-type=\"fade-in-up\" data-anim-delay=\"400\" ><i class=\"font-weight-bold pixicon-messages-3   mr-1\"><\/i> <span class=\"font-weight-bold  text-body-default\" >H\u0131zl\u0131 \u0130leti\u015fim<\/span><\/a>\t\t\t\t<\/div>\n\t\t\t\t<\/div>\n\t\t\t\t\t<\/div>\n\t\t<\/div>\n\t\t\t\t<div class=\"elementor-column elementor-col-50 elementor-inner-column elementor-element elementor-element-4a0ddee\" data-id=\"4a0ddee\" data-element_type=\"column\" data-settings=\"{&quot;background_background&quot;:&quot;slideshow&quot;,&quot;background_slideshow_gallery&quot;:[{&quot;id&quot;:13544,&quot;url&quot;:&quot;https:\\\/\\\/cesmegrandstar.com\\\/wp-content\\\/uploads\\\/2025\\\/06\\\/Grand-Star-Up.jpg&quot;}],&quot;background_slideshow_loop&quot;:&quot;yes&quot;,&quot;background_slideshow_slide_duration&quot;:5000,&quot;background_slideshow_slide_transition&quot;:&quot;fade&quot;,&quot;background_slideshow_transition_duration&quot;:500}\">\n\t\t\t<div class=\"elementor-widget-wrap elementor-element-populated\">\n\t\t\t\t\t\t<div class=\"elementor-element elementor-element-a8f9e54 elementor-widget elementor-widget-spacer\" data-id=\"a8f9e54\" data-element_type=\"widget\" data-widget_type=\"spacer.default\">\n\t\t\t\t<div class=\"elementor-widget-container\">\n\t\t\t\t\t\t\t<div class=\"elementor-spacer\">\n\t\t\t<div class=\"elementor-spacer-inner\"><\/div>\n\t\t<\/div>\n\t\t\t\t\t\t<\/div>\n\t\t\t\t<\/div>\n\t\t\t\t\t<\/div>\n\t\t<\/div>\n\t\t\t\t\t<\/div>\n\t\t<\/section>\n\t\t\t\t\t<\/div>\n\t\t<\/div>\n\t\t\t\t\t<\/div>\n\t\t<\/section>\n\t\t\t\t<\/div>\n\t\t","protected":false},"excerpt":{"rendered":"<p>40 Y\u0131l\u0131 A\u015fan Deneyim, Binlerce Mutlu Misafir Bizi&#32; Biz&#32; Yapan&#32; \u0130lkeler&#32; \ud83d\udd39 G\u00fcvenlik:Misafirlerimizin sa\u011fl\u0131\u011f\u0131 ve g\u00fcvenli\u011fi her \u015feyin \u00f6n\u00fcnde gelir. T\u00fcm operasyonlar\u0131m\u0131zda maksimum g\u00fcvenlik \u00f6nlemleri uygulan\u0131r. \ud83d\udd39 Misafir Memnuniyeti:Her turda kendimizi yeniden misafirimizin yerine koyar, en iyi deneyimi sunmaya \u00e7al\u0131\u015f\u0131r\u0131z&#8230;.<\/p>\n","protected":false},"author":1,"featured_media":0,"parent":0,"menu_order":0,"comment_status":"closed","ping_status":"closed","template":"","meta":{"footnotes":""},"class_list":["post-13669","page","type-page","status-publish","hentry"],"yoast_head":"<!-- This site is optimized with the Yoast SEO plugin v25.2 - https:\/\/yoast.com\/wordpress\/plugins\/seo\/ -->\n<title>De\u011ferlerimiz - \u00c7e\u015fme Grand Star Tekne Turlar\u0131<\/title>\n<meta name=\"description\" content=\"G\u00fcvenlik, misafir memnuniyeti, deniz sevgisi ve \u00e7evre duyarl\u0131l\u0131\u011f\u0131 Grand Star\u2019\u0131n temel de\u011ferleridir.\" \/>\n<meta name=\"robots\" content=\"index, follow, max-snippet:-1, max-image-preview:large, max-video-preview:-1\" \/>\n<link rel=\"canonical\" href=\"https:\/\/cesmegrandstar.com\/?page_id=13669\" \/>\n<meta property=\"og:locale\" content=\"tr_TR\" \/>\n<meta property=\"og:type\" content=\"article\" \/>\n<meta property=\"og:title\" content=\"De\u011ferlerimiz - \u00c7e\u015fme Grand Star Tekne Turlar\u0131\" \/>\n<meta property=\"og:description\" content=\"G\u00fcvenlik, misafir memnuniyeti, deniz sevgisi ve \u00e7evre duyarl\u0131l\u0131\u011f\u0131 Grand Star\u2019\u0131n temel de\u011ferleridir.\" \/>\n<meta property=\"og:url\" content=\"https:\/\/cesmegrandstar.com\/?page_id=13669\" \/>\n<meta property=\"og:site_name\" content=\"\u00c7e\u015fme Grand Star Tekne Turlar\u0131\" \/>\n<meta property=\"article:modified_time\" content=\"2025-07-05T11:35:05+00:00\" \/>\n<meta name=\"twitter:card\" content=\"summary_large_image\" \/>\n<meta name=\"twitter:label1\" content=\"Tahmini okuma s\u00fcresi\" \/>\n\t<meta name=\"twitter:data1\" content=\"1 dakika\" \/>\n<script type=\"application\/ld+json\" class=\"yoast-schema-graph\">{\"@context\":\"https:\/\/schema.org\",\"@graph\":[{\"@type\":\"WebPage\",\"@id\":\"https:\/\/cesmegrandstar.com\/?page_id=13669\",\"url\":\"https:\/\/cesmegrandstar.com\/?page_id=13669\",\"name\":\"De\u011ferlerimiz - \u00c7e\u015fme Grand Star Tekne Turlar\u0131\",\"isPartOf\":{\"@id\":\"https:\/\/cesmegrandstar.com\/#website\"},\"datePublished\":\"2025-07-05T09:29:48+00:00\",\"dateModified\":\"2025-07-05T11:35:05+00:00\",\"description\":\"G\u00fcvenlik, misafir memnuniyeti, deniz sevgisi ve \u00e7evre duyarl\u0131l\u0131\u011f\u0131 Grand Star\u2019\u0131n temel de\u011ferleridir.\",\"breadcrumb\":{\"@id\":\"https:\/\/cesmegrandstar.com\/?page_id=13669#breadcrumb\"},\"inLanguage\":\"tr\",\"potentialAction\":[{\"@type\":\"ReadAction\",\"target\":[\"https:\/\/cesmegrandstar.com\/?page_id=13669\"]}]},{\"@type\":\"BreadcrumbList\",\"@id\":\"https:\/\/cesmegrandstar.com\/?page_id=13669#breadcrumb\",\"itemListElement\":[{\"@type\":\"ListItem\",\"position\":1,\"name\":\"Anasayfa\",\"item\":\"https:\/\/cesmegrandstar.com\/\"},{\"@type\":\"ListItem\",\"position\":2,\"name\":\"De\u011ferlerimiz\"}]},{\"@type\":\"WebSite\",\"@id\":\"https:\/\/cesmegrandstar.com\/#website\",\"url\":\"https:\/\/cesmegrandstar.com\/\",\"name\":\"\u00c7e\u015fme Grand Star Tekne Turlar\u0131\",\"description\":\"\",\"potentialAction\":[{\"@type\":\"SearchAction\",\"target\":{\"@type\":\"EntryPoint\",\"urlTemplate\":\"https:\/\/cesmegrandstar.com\/?s={search_term_string}\"},\"query-input\":{\"@type\":\"PropertyValueSpecification\",\"valueRequired\":true,\"valueName\":\"search_term_string\"}}],\"inLanguage\":\"tr\"}]}<\/script>\n<!-- \/ Yoast SEO plugin. -->","yoast_head_json":{"title":"De\u011ferlerimiz - \u00c7e\u015fme Grand Star Tekne Turlar\u0131","description":"G\u00fcvenlik, misafir memnuniyeti, deniz sevgisi ve \u00e7evre duyarl\u0131l\u0131\u011f\u0131 Grand Star\u2019\u0131n temel de\u011ferleridir.","robots":{"index":"index","follow":"follow","max-snippet":"max-snippet:-1","max-image-preview":"max-image-preview:large","max-video-preview":"max-video-preview:-1"},"canonical":"https:\/\/cesmegrandstar.com\/?page_id=13669","og_locale":"tr_TR","og_type":"article","og_title":"De\u011ferlerimiz - \u00c7e\u015fme Grand Star Tekne Turlar\u0131","og_description":"G\u00fcvenlik, misafir memnuniyeti, deniz sevgisi ve \u00e7evre duyarl\u0131l\u0131\u011f\u0131 Grand Star\u2019\u0131n temel de\u011ferleridir.","og_url":"https:\/\/cesmegrandstar.com\/?page_id=13669","og_site_name":"\u00c7e\u015fme Grand Star Tekne Turlar\u0131","article_modified_time":"2025-07-05T11:35:05+00:00","twitter_card":"summary_large_image","twitter_misc":{"Tahmini okuma s\u00fcresi":"1 dakika"},"schema":{"@context":"https:\/\/schema.org","@graph":[{"@type":"WebPage","@id":"https:\/\/cesmegrandstar.com\/?page_id=13669","url":"https:\/\/cesmegrandstar.com\/?page_id=13669","name":"De\u011ferlerimiz - \u00c7e\u015fme Grand Star Tekne Turlar\u0131","isPartOf":{"@id":"https:\/\/cesmegrandstar.com\/#website"},"datePublished":"2025-07-05T09:29:48+00:00","dateModified":"2025-07-05T11:35:05+00:00","description":"G\u00fcvenlik, misafir memnuniyeti, deniz sevgisi ve \u00e7evre duyarl\u0131l\u0131\u011f\u0131 Grand Star\u2019\u0131n temel de\u011ferleridir.","breadcrumb":{"@id":"https:\/\/cesmegrandstar.com\/?page_id=13669#breadcrumb"},"inLanguage":"tr","potentialAction":[{"@type":"ReadAction","target":["https:\/\/cesmegrandstar.com\/?page_id=13669"]}]},{"@type":"BreadcrumbList","@id":"https:\/\/cesmegrandstar.com\/?page_id=13669#breadcrumb","itemListElement":[{"@type":"ListItem","position":1,"name":"Anasayfa","item":"https:\/\/cesmegrandstar.com\/"},{"@type":"ListItem","position":2,"name":"De\u011ferlerimiz"}]},{"@type":"WebSite","@id":"https:\/\/cesmegrandstar.com\/#website","url":"https:\/\/cesmegrandstar.com\/","name":"\u00c7e\u015fme Grand Star Tekne Turlar\u0131","description":"","potentialAction":[{"@type":"SearchAction","target":{"@type":"EntryPoint","urlTemplate":"https:\/\/cesmegrandstar.com\/?s={search_term_string}"},"query-input":{"@type":"PropertyValueSpecification","valueRequired":true,"valueName":"search_term_string"}}],"inLanguage":"tr"}]}},"_links":{"self":[{"href":"https:\/\/cesmegrandstar.com\/index.php?rest_route=\/wp\/v2\/pages\/13669","targetHints":{"allow":["GET"]}}],"collection":[{"href":"https:\/\/cesmegrandstar.com\/index.php?rest_route=\/wp\/v2\/pages"}],"about":[{"href":"https:\/\/cesmegrandstar.com\/index.php?rest_route=\/wp\/v2\/types\/page"}],"author":[{"embeddable":true,"href":"https:\/\/cesmegrandstar.com\/index.php?rest_route=\/wp\/v2\/users\/1"}],"replies":[{"embeddable":true,"href":"https:\/\/cesmegrandstar.com\/index.php?rest_route=%2Fwp%2Fv2%2Fcomments&post=13669"}],"version-history":[{"count":4,"href":"https:\/\/cesmegrandstar.com\/index.php?rest_route=\/wp\/v2\/pages\/13669\/revisions"}],"predecessor-version":[{"id":13673,"href":"https:\/\/cesmegrandstar.com\/index.php?rest_route=\/wp\/v2\/pages\/13669\/revisions\/13673"}],"wp:attachment":[{"href":"https:\/\/cesmegrandstar.com\/index.php?rest_route=%2Fwp%2Fv2%2Fmedia&parent=13669"}],"curies":[{"name":"wp","href":"https:\/\/api.w.org\/{rel}","templated":true}]}}