{"id":13661,"date":"2025-07-05T12:26:59","date_gmt":"2025-07-05T09:26:59","guid":{"rendered":"https:\/\/cesmegrandstar.com\/?page_id=13661"},"modified":"2025-07-05T14:39:54","modified_gmt":"2025-07-05T11:39:54","slug":"vizyonumuz","status":"publish","type":"page","link":"https:\/\/cesmegrandstar.com\/?page_id=13661","title":{"rendered":"Vizyonumuz"},"content":{"rendered":"\t\t<div data-elementor-type=\"wp-page\" data-elementor-id=\"13661\" class=\"elementor elementor-13661\" data-elementor-post-type=\"page\">\n\t\t\t\t\t\t<section class=\"elementor-section elementor-top-section elementor-element elementor-element-8e149f4 elementor-section-boxed elementor-section-height-default elementor-section-height-default\" data-id=\"8e149f4\" data-element_type=\"section\">\n\t\t\t\t\t\t<div class=\"elementor-container elementor-column-gap-default\">\n\t\t\t\t\t<div class=\"elementor-column elementor-col-100 elementor-top-column elementor-element elementor-element-2d525fd\" data-id=\"2d525fd\" data-element_type=\"column\">\n\t\t\t<div class=\"elementor-widget-wrap elementor-element-populated\">\n\t\t\t\t\t\t<section class=\"elementor-section elementor-inner-section elementor-element elementor-element-bb8516b bg-white shadow-lg rounded-xl overflow-hidden elementor-section-boxed elementor-section-height-default elementor-section-height-default\" data-id=\"bb8516b\" data-element_type=\"section\">\n\t\t\t\t\t\t<div class=\"elementor-container elementor-column-gap-default\">\n\t\t\t\t\t<div class=\"elementor-column elementor-col-50 elementor-inner-column elementor-element elementor-element-8a4665f\" data-id=\"8a4665f\" data-element_type=\"column\">\n\t\t\t<div class=\"elementor-widget-wrap elementor-element-populated\">\n\t\t\t\t\t\t<div class=\"elementor-element elementor-element-a6a1b52 elementor-invisible elementor-widget elementor-widget-pix-badge\" data-id=\"a6a1b52\" data-element_type=\"widget\" data-widget_type=\"pix-badge.default\">\n\t\t\t\t<div class=\"elementor-widget-container\">\n\t\t\t\t\t<span class=\"pix-badge-element h6 d-inline-block mr-1 animate-in\" data-anim-type=\"fade-in-up\" data-anim-delay=\"0\"><span class=\"badge font-weight-bold secondary-font bg-gray-2  \" style=\" \"><span class=\"text-heading-default\" style=\"\">40 Y\u0131l\u0131 A\u015fan Deneyim, Binlerce Mutlu Misafir<\/span><\/span><\/span>\t\t\t\t<\/div>\n\t\t\t\t<\/div>\n\t\t\t\t<div class=\"elementor-element elementor-element-b7022f3 elementor-widget elementor-widget-pix-sliding-text\" data-id=\"b7022f3\" data-element_type=\"widget\" data-widget_type=\"pix-sliding-text.default\">\n\t\t\t\t<div class=\"elementor-widget-container\">\n\t\t\t\t\t<div id=\"sliding-text-169345345\" class=\"mb-3 text-left \"><h2 class=\"mb-32 pix-sliding-headline-2 animate-in font-weight-bold secondary-font \" data-anim-type=\"pix-sliding-text\" pix-anim-delay=\"500\" data-class=\"secondary-font text-heading-default\" style=\"\"><span class=\"slide-in-container \"><span class=\"pix-sliding-item secondary-font text-heading-default\" style=\"transition-delay: 0ms;\">Ege'nin&#32;<\/span><\/span> <span class=\"slide-in-container \"><span class=\"pix-sliding-item secondary-font text-heading-default\" style=\"transition-delay: 150ms;\">Maviliklerinde&#32;<\/span><\/span> <span class=\"slide-in-container \"><span class=\"pix-sliding-item secondary-font text-heading-default\" style=\"transition-delay: 300ms;\">Unutulmaz&#32;<\/span><\/span> <span class=\"slide-in-container \"><span class=\"pix-sliding-item secondary-font text-heading-default\" style=\"transition-delay: 450ms;\">Deneyimlere&#32;<\/span><\/span> <span class=\"slide-in-container \"><span class=\"pix-sliding-item secondary-font text-heading-default\" style=\"transition-delay: 600ms;\">Y\u00f6n&#32;<\/span><\/span> <span class=\"slide-in-container \"><span class=\"pix-sliding-item secondary-font text-heading-default\" style=\"transition-delay: 750ms;\">Vermek&#32;<\/span><\/span> <\/h2><\/div>\t\t\t\t<\/div>\n\t\t\t\t<\/div>\n\t\t\t\t<div class=\"elementor-element elementor-element-bb66995 elementor-invisible elementor-widget elementor-widget-pix-text\" data-id=\"bb66995\" data-element_type=\"widget\" data-widget_type=\"pix-text.default\">\n\t\t\t\t<div class=\"elementor-widget-container\">\n\t\t\t\t\t<div class=\"pix-el-text w-100 text-left \" ><p class=\" resp-option  text-left \" ><span class=\" animate-in d-inline-block\" data-anim-delay=\"200\" data-anim-type=\"fade-in-up\">Grand Star olarak vizyonumuz;\n\u00c7e\u015fme ve \u00e7evresinde tekne turu denilince ilk akla gelen, g\u00fcvenilen ve tavsiye edilen marka olmak.\n<br><br>\nDenizcilik alan\u0131ndaki 40 y\u0131l\u0131 a\u015fk\u0131n bilgi birikimimizi; \u00e7a\u011f\u0131n gereklilikleri, konforlu teknemiz ve misafir memnuniyeti anlay\u0131\u015f\u0131yla birle\u015ftirerek, her ya\u015f grubuna hitap eden turlar sunmay\u0131 hedefliyoruz.\n<br><br>\nHayalimiz, yaln\u0131zca tur d\u00fczenlemek de\u011fil; insanlara denizi sevdirmek ve hayatlar\u0131n\u0131n en keyifli an\u0131lar\u0131na ev sahipli\u011fi yapmak.<\/span><\/p><\/div>\t\t\t\t<\/div>\n\t\t\t\t<\/div>\n\t\t\t\t<div class=\"elementor-element elementor-element-7c3d5ee elementor-widget__width-auto elementor-widget elementor-widget-pix-button\" data-id=\"7c3d5ee\" data-element_type=\"widget\" data-widget_type=\"pix-button.default\">\n\t\t\t\t<div class=\"elementor-widget-container\">\n\t\t\t\t\t<a  href=\"https:\/\/cesmegrandstar.com\/?page_id=13455\" class=\"btn m-0     shadow-lg shadow-hover-lg btn-blink-gray-7 d-inline-block    secondary-font  animate-in btn-md\"   data-anim-type=\"fade-in-up\" data-anim-delay=\"400\" ><i class=\"font-weight-bold pixicon-phone   mr-1\"><\/i> <span class=\"font-weight-bold \" >\u0130leti\u015fim<\/span><\/a>\t\t\t\t<\/div>\n\t\t\t\t<\/div>\n\t\t\t\t<div class=\"elementor-element elementor-element-fe2bf3e elementor-widget__width-auto elementor-widget elementor-widget-pix-button\" data-id=\"fe2bf3e\" data-element_type=\"widget\" data-widget_type=\"pix-button.default\">\n\t\t\t\t<div class=\"elementor-widget-container\">\n\t\t\t\t\t<a  href=\"tel:+905437432681\" class=\"btn m-0     text-body-default btn-underline-orange d-inline-block    secondary-font  animate-in btn-md\"   data-anim-type=\"fade-in-up\" data-anim-delay=\"400\" ><i class=\"font-weight-bold pixicon-messages-3   mr-1\"><\/i> <span class=\"font-weight-bold  text-body-default\" >H\u0131zl\u0131 \u0130leti\u015fim<\/span><\/a>\t\t\t\t<\/div>\n\t\t\t\t<\/div>\n\t\t\t\t\t<\/div>\n\t\t<\/div>\n\t\t\t\t<div class=\"elementor-column elementor-col-50 elementor-inner-column elementor-element elementor-element-4a0ddee\" data-id=\"4a0ddee\" data-element_type=\"column\" data-settings=\"{&quot;background_background&quot;:&quot;slideshow&quot;,&quot;background_slideshow_gallery&quot;:[{&quot;id&quot;:13544,&quot;url&quot;:&quot;https:\\\/\\\/cesmegrandstar.com\\\/wp-content\\\/uploads\\\/2025\\\/06\\\/Grand-Star-Up.jpg&quot;}],&quot;background_slideshow_loop&quot;:&quot;yes&quot;,&quot;background_slideshow_slide_duration&quot;:5000,&quot;background_slideshow_slide_transition&quot;:&quot;fade&quot;,&quot;background_slideshow_transition_duration&quot;:500}\">\n\t\t\t<div class=\"elementor-widget-wrap elementor-element-populated\">\n\t\t\t\t\t\t<div class=\"elementor-element elementor-element-a8f9e54 elementor-widget elementor-widget-spacer\" data-id=\"a8f9e54\" data-element_type=\"widget\" data-widget_type=\"spacer.default\">\n\t\t\t\t<div class=\"elementor-widget-container\">\n\t\t\t\t\t\t\t<div class=\"elementor-spacer\">\n\t\t\t<div class=\"elementor-spacer-inner\"><\/div>\n\t\t<\/div>\n\t\t\t\t\t\t<\/div>\n\t\t\t\t<\/div>\n\t\t\t\t\t<\/div>\n\t\t<\/div>\n\t\t\t\t\t<\/div>\n\t\t<\/section>\n\t\t\t\t\t<\/div>\n\t\t<\/div>\n\t\t\t\t\t<\/div>\n\t\t<\/section>\n\t\t\t\t<\/div>\n\t\t","protected":false},"excerpt":{"rendered":"<p>40 Y\u0131l\u0131 A\u015fan Deneyim, Binlerce Mutlu Misafir Ege&#8217;nin&#32; Maviliklerinde&#32; Unutulmaz&#32; Deneyimlere&#32; Y\u00f6n&#32; Vermek&#32; Grand Star olarak vizyonumuz; \u00c7e\u015fme ve \u00e7evresinde tekne turu denilince ilk akla gelen, g\u00fcvenilen ve tavsiye edilen marka olmak. Denizcilik alan\u0131ndaki 40 y\u0131l\u0131 a\u015fk\u0131n bilgi birikimimizi; \u00e7a\u011f\u0131n&#8230;<\/p>\n","protected":false},"author":1,"featured_media":0,"parent":0,"menu_order":0,"comment_status":"closed","ping_status":"closed","template":"","meta":{"footnotes":""},"class_list":["post-13661","page","type-page","status-publish","hentry"],"yoast_head":"<!-- This site is optimized with the Yoast SEO plugin v25.2 - https:\/\/yoast.com\/wordpress\/plugins\/seo\/ -->\n<title>Vizyonumuz - \u00c7e\u015fme Grand Star Tekne Turlar\u0131<\/title>\n<meta name=\"description\" content=\"Grand Star olarak vizyonumuz; \u00c7e\u015fme\u2019nin en g\u00fcvenilir, en \u00e7ok tercih edilen tekne turu markas\u0131 olmakt\u0131r.\" \/>\n<meta name=\"robots\" content=\"index, follow, max-snippet:-1, max-image-preview:large, max-video-preview:-1\" \/>\n<link rel=\"canonical\" href=\"https:\/\/cesmegrandstar.com\/?page_id=13661\" \/>\n<meta property=\"og:locale\" content=\"tr_TR\" \/>\n<meta property=\"og:type\" content=\"article\" \/>\n<meta property=\"og:title\" content=\"Vizyonumuz - \u00c7e\u015fme Grand Star Tekne Turlar\u0131\" \/>\n<meta property=\"og:description\" content=\"Grand Star olarak vizyonumuz; \u00c7e\u015fme\u2019nin en g\u00fcvenilir, en \u00e7ok tercih edilen tekne turu markas\u0131 olmakt\u0131r.\" \/>\n<meta property=\"og:url\" content=\"https:\/\/cesmegrandstar.com\/?page_id=13661\" \/>\n<meta property=\"og:site_name\" content=\"\u00c7e\u015fme Grand Star Tekne Turlar\u0131\" \/>\n<meta property=\"article:modified_time\" content=\"2025-07-05T11:39:54+00:00\" \/>\n<meta name=\"twitter:card\" content=\"summary_large_image\" \/>\n<meta name=\"twitter:label1\" content=\"Tahmini okuma s\u00fcresi\" \/>\n\t<meta name=\"twitter:data1\" content=\"1 dakika\" \/>\n<script type=\"application\/ld+json\" class=\"yoast-schema-graph\">{\"@context\":\"https:\/\/schema.org\",\"@graph\":[{\"@type\":\"WebPage\",\"@id\":\"https:\/\/cesmegrandstar.com\/?page_id=13661\",\"url\":\"https:\/\/cesmegrandstar.com\/?page_id=13661\",\"name\":\"Vizyonumuz - \u00c7e\u015fme Grand Star Tekne Turlar\u0131\",\"isPartOf\":{\"@id\":\"https:\/\/cesmegrandstar.com\/#website\"},\"datePublished\":\"2025-07-05T09:26:59+00:00\",\"dateModified\":\"2025-07-05T11:39:54+00:00\",\"description\":\"Grand Star olarak vizyonumuz; \u00c7e\u015fme\u2019nin en g\u00fcvenilir, en \u00e7ok tercih edilen tekne turu markas\u0131 olmakt\u0131r.\",\"breadcrumb\":{\"@id\":\"https:\/\/cesmegrandstar.com\/?page_id=13661#breadcrumb\"},\"inLanguage\":\"tr\",\"potentialAction\":[{\"@type\":\"ReadAction\",\"target\":[\"https:\/\/cesmegrandstar.com\/?page_id=13661\"]}]},{\"@type\":\"BreadcrumbList\",\"@id\":\"https:\/\/cesmegrandstar.com\/?page_id=13661#breadcrumb\",\"itemListElement\":[{\"@type\":\"ListItem\",\"position\":1,\"name\":\"Anasayfa\",\"item\":\"https:\/\/cesmegrandstar.com\/\"},{\"@type\":\"ListItem\",\"position\":2,\"name\":\"Vizyonumuz\"}]},{\"@type\":\"WebSite\",\"@id\":\"https:\/\/cesmegrandstar.com\/#website\",\"url\":\"https:\/\/cesmegrandstar.com\/\",\"name\":\"\u00c7e\u015fme Grand Star Tekne Turlar\u0131\",\"description\":\"\",\"potentialAction\":[{\"@type\":\"SearchAction\",\"target\":{\"@type\":\"EntryPoint\",\"urlTemplate\":\"https:\/\/cesmegrandstar.com\/?s={search_term_string}\"},\"query-input\":{\"@type\":\"PropertyValueSpecification\",\"valueRequired\":true,\"valueName\":\"search_term_string\"}}],\"inLanguage\":\"tr\"}]}<\/script>\n<!-- \/ Yoast SEO plugin. -->","yoast_head_json":{"title":"Vizyonumuz - \u00c7e\u015fme Grand Star Tekne Turlar\u0131","description":"Grand Star olarak vizyonumuz; \u00c7e\u015fme\u2019nin en g\u00fcvenilir, en \u00e7ok tercih edilen tekne turu markas\u0131 olmakt\u0131r.","robots":{"index":"index","follow":"follow","max-snippet":"max-snippet:-1","max-image-preview":"max-image-preview:large","max-video-preview":"max-video-preview:-1"},"canonical":"https:\/\/cesmegrandstar.com\/?page_id=13661","og_locale":"tr_TR","og_type":"article","og_title":"Vizyonumuz - \u00c7e\u015fme Grand Star Tekne Turlar\u0131","og_description":"Grand Star olarak vizyonumuz; \u00c7e\u015fme\u2019nin en g\u00fcvenilir, en \u00e7ok tercih edilen tekne turu markas\u0131 olmakt\u0131r.","og_url":"https:\/\/cesmegrandstar.com\/?page_id=13661","og_site_name":"\u00c7e\u015fme Grand Star Tekne Turlar\u0131","article_modified_time":"2025-07-05T11:39:54+00:00","twitter_card":"summary_large_image","twitter_misc":{"Tahmini okuma s\u00fcresi":"1 dakika"},"schema":{"@context":"https:\/\/schema.org","@graph":[{"@type":"WebPage","@id":"https:\/\/cesmegrandstar.com\/?page_id=13661","url":"https:\/\/cesmegrandstar.com\/?page_id=13661","name":"Vizyonumuz - \u00c7e\u015fme Grand Star Tekne Turlar\u0131","isPartOf":{"@id":"https:\/\/cesmegrandstar.com\/#website"},"datePublished":"2025-07-05T09:26:59+00:00","dateModified":"2025-07-05T11:39:54+00:00","description":"Grand Star olarak vizyonumuz; \u00c7e\u015fme\u2019nin en g\u00fcvenilir, en \u00e7ok tercih edilen tekne turu markas\u0131 olmakt\u0131r.","breadcrumb":{"@id":"https:\/\/cesmegrandstar.com\/?page_id=13661#breadcrumb"},"inLanguage":"tr","potentialAction":[{"@type":"ReadAction","target":["https:\/\/cesmegrandstar.com\/?page_id=13661"]}]},{"@type":"BreadcrumbList","@id":"https:\/\/cesmegrandstar.com\/?page_id=13661#breadcrumb","itemListElement":[{"@type":"ListItem","position":1,"name":"Anasayfa","item":"https:\/\/cesmegrandstar.com\/"},{"@type":"ListItem","position":2,"name":"Vizyonumuz"}]},{"@type":"WebSite","@id":"https:\/\/cesmegrandstar.com\/#website","url":"https:\/\/cesmegrandstar.com\/","name":"\u00c7e\u015fme Grand Star Tekne Turlar\u0131","description":"","potentialAction":[{"@type":"SearchAction","target":{"@type":"EntryPoint","urlTemplate":"https:\/\/cesmegrandstar.com\/?s={search_term_string}"},"query-input":{"@type":"PropertyValueSpecification","valueRequired":true,"valueName":"search_term_string"}}],"inLanguage":"tr"}]}},"_links":{"self":[{"href":"https:\/\/cesmegrandstar.com\/index.php?rest_route=\/wp\/v2\/pages\/13661","targetHints":{"allow":["GET"]}}],"collection":[{"href":"https:\/\/cesmegrandstar.com\/index.php?rest_route=\/wp\/v2\/pages"}],"about":[{"href":"https:\/\/cesmegrandstar.com\/index.php?rest_route=\/wp\/v2\/types\/page"}],"author":[{"embeddable":true,"href":"https:\/\/cesmegrandstar.com\/index.php?rest_route=\/wp\/v2\/users\/1"}],"replies":[{"embeddable":true,"href":"https:\/\/cesmegrandstar.com\/index.php?rest_route=%2Fwp%2Fv2%2Fcomments&post=13661"}],"version-history":[{"count":7,"href":"https:\/\/cesmegrandstar.com\/index.php?rest_route=\/wp\/v2\/pages\/13661\/revisions"}],"predecessor-version":[{"id":13668,"href":"https:\/\/cesmegrandstar.com\/index.php?rest_route=\/wp\/v2\/pages\/13661\/revisions\/13668"}],"wp:attachment":[{"href":"https:\/\/cesmegrandstar.com\/index.php?rest_route=%2Fwp%2Fv2%2Fmedia&parent=13661"}],"curies":[{"name":"wp","href":"https:\/\/api.w.org\/{rel}","templated":true}]}}