{"id":13649,"date":"2025-07-05T12:23:34","date_gmt":"2025-07-05T09:23:34","guid":{"rendered":"https:\/\/cesmegrandstar.com\/?page_id=13649"},"modified":"2025-09-15T13:50:59","modified_gmt":"2025-09-15T10:50:59","slug":"hakkimizda","status":"publish","type":"page","link":"https:\/\/cesmegrandstar.com\/?page_id=13649","title":{"rendered":"Hakk\u0131m\u0131zda"},"content":{"rendered":"\t\t<div data-elementor-type=\"wp-page\" data-elementor-id=\"13649\" class=\"elementor elementor-13649\" data-elementor-post-type=\"page\">\n\t\t\t\t\t\t<section class=\"elementor-section elementor-top-section elementor-element elementor-element-8e149f4 elementor-section-boxed elementor-section-height-default elementor-section-height-default\" data-id=\"8e149f4\" data-element_type=\"section\">\n\t\t\t\t\t\t<div class=\"elementor-container elementor-column-gap-default\">\n\t\t\t\t\t<div class=\"elementor-column elementor-col-100 elementor-top-column elementor-element elementor-element-2d525fd\" data-id=\"2d525fd\" data-element_type=\"column\">\n\t\t\t<div class=\"elementor-widget-wrap elementor-element-populated\">\n\t\t\t\t\t\t<section class=\"elementor-section elementor-inner-section elementor-element elementor-element-bb8516b bg-white shadow-lg rounded-xl overflow-hidden elementor-section-boxed elementor-section-height-default elementor-section-height-default\" data-id=\"bb8516b\" data-element_type=\"section\">\n\t\t\t\t\t\t<div class=\"elementor-container elementor-column-gap-default\">\n\t\t\t\t\t<div class=\"elementor-column elementor-col-50 elementor-inner-column elementor-element elementor-element-8a4665f\" data-id=\"8a4665f\" data-element_type=\"column\">\n\t\t\t<div class=\"elementor-widget-wrap elementor-element-populated\">\n\t\t\t\t\t\t<div class=\"elementor-element elementor-element-a6a1b52 elementor-invisible elementor-widget elementor-widget-pix-badge\" data-id=\"a6a1b52\" data-element_type=\"widget\" data-widget_type=\"pix-badge.default\">\n\t\t\t\t<div class=\"elementor-widget-container\">\n\t\t\t\t\t<span class=\"pix-badge-element h6 d-inline-block mr-1 animate-in\" data-anim-type=\"fade-in-up\" data-anim-delay=\"0\"><span class=\"badge font-weight-bold secondary-font bg-gray-2  \" style=\" \"><span class=\"text-heading-default\" style=\"\">40 Y\u0131l\u0131 A\u015fan Deneyim, Binlerce Mutlu Misafir<\/span><\/span><\/span>\t\t\t\t<\/div>\n\t\t\t\t<\/div>\n\t\t\t\t<div class=\"elementor-element elementor-element-b7022f3 elementor-widget elementor-widget-pix-sliding-text\" data-id=\"b7022f3\" data-element_type=\"widget\" data-widget_type=\"pix-sliding-text.default\">\n\t\t\t\t<div class=\"elementor-widget-container\">\n\t\t\t\t\t<div id=\"sliding-text-61818938\" class=\"mb-3 text-left \"><h2 class=\"mb-32 pix-sliding-headline-2 animate-in font-weight-bold secondary-font \" data-anim-type=\"pix-sliding-text\" pix-anim-delay=\"500\" data-class=\"secondary-font text-heading-default\" style=\"\"><span class=\"slide-in-container \"><span class=\"pix-sliding-item secondary-font text-heading-default\" style=\"transition-delay: 0ms;\">Maviye&#32;<\/span><\/span> <span class=\"slide-in-container \"><span class=\"pix-sliding-item secondary-font text-heading-default\" style=\"transition-delay: 150ms;\">A\u00e7\u0131lan&#32;<\/span><\/span> <span class=\"slide-in-container \"><span class=\"pix-sliding-item secondary-font text-heading-default\" style=\"transition-delay: 300ms;\">Hikayemiz&#32;<\/span><\/span> <\/h2><\/div>\t\t\t\t<\/div>\n\t\t\t\t<\/div>\n\t\t\t\t<div class=\"elementor-element elementor-element-bb66995 elementor-invisible elementor-widget elementor-widget-pix-text\" data-id=\"bb66995\" data-element_type=\"widget\" data-widget_type=\"pix-text.default\">\n\t\t\t\t<div class=\"elementor-widget-container\">\n\t\t\t\t\t<div class=\"pix-el-text w-100 text-left \" ><p class=\" resp-option  text-left \" ><span class=\" animate-in d-inline-block\" data-anim-delay=\"200\" data-anim-type=\"fade-in-up\">Grand Star olarak, denizcilik alan\u0131ndaki 40 y\u0131l\u0131 a\u015fk\u0131n tecr\u00fcbemizle sizlere sadece bir tekne turu de\u011fil, unutulmaz bir deniz deneyimi sunmay\u0131 ama\u00e7l\u0131yoruz.\n<br><br>\nK\u00f6kleri denize uzanan bir aileden gelen kurucular\u0131m\u0131z ve deneyimli ekibimizle; g\u00fcven, konfor ve memnuniyet odakl\u0131 hizmet anlay\u0131\u015f\u0131m\u0131z\u0131 y\u0131llard\u0131r s\u00fcrd\u00fcr\u00fcyoruz.<\/span><\/p><\/div>\t\t\t\t<\/div>\n\t\t\t\t<\/div>\n\t\t\t\t<div class=\"elementor-element elementor-element-7c3d5ee elementor-widget__width-auto elementor-widget elementor-widget-pix-button\" data-id=\"7c3d5ee\" data-element_type=\"widget\" data-widget_type=\"pix-button.default\">\n\t\t\t\t<div class=\"elementor-widget-container\">\n\t\t\t\t\t<a  href=\"https:\/\/cesmegrandstar.com\/?page_id=13455\" class=\"btn m-0     shadow-lg shadow-hover-lg btn-blink-gray-7 d-inline-block    secondary-font  animate-in btn-md\"   data-anim-type=\"fade-in-up\" data-anim-delay=\"400\" ><i class=\"font-weight-bold pixicon-phone   mr-1\"><\/i> <span class=\"font-weight-bold \" >\u0130leti\u015fim<\/span><\/a>\t\t\t\t<\/div>\n\t\t\t\t<\/div>\n\t\t\t\t<div class=\"elementor-element elementor-element-fe2bf3e elementor-widget__width-auto elementor-widget elementor-widget-pix-button\" data-id=\"fe2bf3e\" data-element_type=\"widget\" data-widget_type=\"pix-button.default\">\n\t\t\t\t<div class=\"elementor-widget-container\">\n\t\t\t\t\t<a  href=\"tel:+905345824066\" class=\"btn m-0     text-body-default btn-underline-orange d-inline-block    secondary-font  animate-in btn-md\"   data-anim-type=\"fade-in-up\" data-anim-delay=\"400\" ><i class=\"font-weight-bold pixicon-messages-3   mr-1\"><\/i> <span class=\"font-weight-bold  text-body-default\" >H\u0131zl\u0131 \u0130leti\u015fim<\/span><\/a>\t\t\t\t<\/div>\n\t\t\t\t<\/div>\n\t\t\t\t\t<\/div>\n\t\t<\/div>\n\t\t\t\t<div class=\"elementor-column elementor-col-50 elementor-inner-column elementor-element elementor-element-4a0ddee\" data-id=\"4a0ddee\" data-element_type=\"column\" data-settings=\"{&quot;background_background&quot;:&quot;slideshow&quot;,&quot;background_slideshow_gallery&quot;:[{&quot;id&quot;:13555,&quot;url&quot;:&quot;https:\\\/\\\/cesmegrandstar.com\\\/wp-content\\\/uploads\\\/2025\\\/06\\\/293074070_455136686617119_3767268819584688607_n.jpg&quot;}],&quot;background_slideshow_loop&quot;:&quot;yes&quot;,&quot;background_slideshow_slide_duration&quot;:5000,&quot;background_slideshow_slide_transition&quot;:&quot;fade&quot;,&quot;background_slideshow_transition_duration&quot;:500}\">\n\t\t\t<div class=\"elementor-widget-wrap elementor-element-populated\">\n\t\t\t\t\t\t<div class=\"elementor-element elementor-element-a8f9e54 elementor-widget elementor-widget-spacer\" data-id=\"a8f9e54\" data-element_type=\"widget\" data-widget_type=\"spacer.default\">\n\t\t\t\t<div class=\"elementor-widget-container\">\n\t\t\t\t\t\t\t<div class=\"elementor-spacer\">\n\t\t\t<div class=\"elementor-spacer-inner\"><\/div>\n\t\t<\/div>\n\t\t\t\t\t\t<\/div>\n\t\t\t\t<\/div>\n\t\t\t\t\t<\/div>\n\t\t<\/div>\n\t\t\t\t\t<\/div>\n\t\t<\/section>\n\t\t\t\t\t<\/div>\n\t\t<\/div>\n\t\t\t\t\t<\/div>\n\t\t<\/section>\n\t\t\t\t<section class=\"elementor-section elementor-top-section elementor-element elementor-element-a2cc3f1 elementor-section-boxed elementor-section-height-default elementor-section-height-default\" data-id=\"a2cc3f1\" data-element_type=\"section\">\n\t\t\t\t\t\t<div class=\"elementor-container elementor-column-gap-default\">\n\t\t\t\t\t<div class=\"elementor-column elementor-col-50 elementor-top-column elementor-element elementor-element-50fdc8d\" data-id=\"50fdc8d\" data-element_type=\"column\">\n\t\t\t<div class=\"elementor-widget-wrap elementor-element-populated\">\n\t\t\t\t\t\t<section class=\"elementor-section elementor-inner-section elementor-element elementor-element-3395ed2 sticky-top pix-sticky-top-adjust elementor-section-boxed elementor-section-height-default elementor-section-height-default\" data-id=\"3395ed2\" data-element_type=\"section\">\n\t\t\t\t\t\t<div class=\"elementor-container elementor-column-gap-default\">\n\t\t\t\t\t<div class=\"elementor-column elementor-col-100 elementor-inner-column elementor-element elementor-element-66402d3\" data-id=\"66402d3\" data-element_type=\"column\">\n\t\t\t<div class=\"elementor-widget-wrap elementor-element-populated\">\n\t\t\t\t\t\t<div class=\"elementor-element elementor-element-a044551 elementor-invisible elementor-widget elementor-widget-pix-heading\" data-id=\"a044551\" data-element_type=\"widget\" data-widget_type=\"pix-heading.default\">\n\t\t\t\t<div class=\"elementor-widget-container\">\n\t\t\t\t\t<div  class=\"pix-heading-el text-left \"><div><div class=\"slide-in-container2\"><h2 class=\"font-weight-bold animate-in heading-text el-title_custom_color mb-12\" style=\"\" data-anim-type=\"slide-in-up\" data-anim-delay=\"0\">Neden Grand Star ?<\/h2><\/div><\/div><\/div>\t\t\t\t<\/div>\n\t\t\t\t<\/div>\n\t\t\t\t<div class=\"elementor-element elementor-element-06e16fe elementor-invisible elementor-widget elementor-widget-pix-text\" data-id=\"06e16fe\" data-element_type=\"widget\" data-widget_type=\"pix-text.default\">\n\t\t\t\t<div class=\"elementor-widget-container\">\n\t\t\t\t\t<div class=\"pix-el-text w-100 text-left \" ><p class=\"resp-option text-left \"><div class=\" animate-in d-inline-block\" data-anim-delay=\"200\" data-anim-type=\"fade-in-up\"><ul><li data-start=\"886\" data-end=\"923\"><h4 data-start=\"888\" data-end=\"923\">40 y\u0131l\u0131 a\u015fan denizcilik tecr\u00fcbesi<\/h4><\/li><li data-start=\"924\" data-end=\"959\"><h4 data-start=\"926\" data-end=\"959\">G\u00fcler y\u00fczl\u00fc ve profesyonel ekip<\/h4><\/li><li data-start=\"960\" data-end=\"997\"><h4 data-start=\"962\" data-end=\"997\">Modern, bak\u0131ml\u0131 ve konforlu tekne<\/h4><\/li><li data-start=\"998\" data-end=\"1037\"><h4 data-start=\"1000\" data-end=\"1037\">Misafir memnuniyetine odakl\u0131 hizmet<\/h4><\/li><li data-start=\"1038\" data-end=\"1077\"><h4 data-start=\"1040\" data-end=\"1077\">Lezzetli yemekler, e\u011flenceli atmosfer<\/h4><\/li><\/ul><\/div><\/p><\/div>\t\t\t\t<\/div>\n\t\t\t\t<\/div>\n\t\t\t\t\t<\/div>\n\t\t<\/div>\n\t\t\t\t\t<\/div>\n\t\t<\/section>\n\t\t\t\t\t<\/div>\n\t\t<\/div>\n\t\t\t\t<div class=\"elementor-column elementor-col-50 elementor-top-column elementor-element elementor-element-4549708\" data-id=\"4549708\" data-element_type=\"column\">\n\t\t\t<div class=\"elementor-widget-wrap elementor-element-populated\">\n\t\t\t\t\t\t<div class=\"elementor-element elementor-element-7af4573 elementor-invisible elementor-widget elementor-widget-pix-photo-stack\" data-id=\"7af4573\" data-element_type=\"widget\" data-widget_type=\"pix-photo-stack.default\">\n\t\t\t\t<div class=\"elementor-widget-container\">\n\t\t\t\t\t<div class=\"pix-photo-stack pix-img-2 \"><div class=\"img-el\" ><div class=\"w-100 pix-bounce-sm pix-duration-slow\"><div class=\"animate-in d-inline-block w-100\" data-anim-type=\"fade-in-up\" data-anim-delay=\"0\"><div class=\"tilt\"><img loading=\"lazy\" decoding=\"async\" width=\"960\" height=\"539\" class=\"pix-lazy rounded-lg shadow-lg shadow-hover-lg fly-sm d-inline-block\" loading=\"lazy\" data-srcset=\"https:\/\/cesmegrandstar.com\/wp-content\/uploads\/2025\/06\/11951383_912562752155378_547472464671541037_n-300x168.jpg 300w, https:\/\/cesmegrandstar.com\/wp-content\/uploads\/2025\/06\/11951383_912562752155378_547472464671541037_n-768x431.jpg 768w, https:\/\/cesmegrandstar.com\/wp-content\/uploads\/2025\/06\/11951383_912562752155378_547472464671541037_n.jpg 960w\" src=\"https:\/\/cesmegrandstar.com\/wp-content\/plugins\/pixfort-core\/functions\/images\/loading.webp\" data-src=\"https:\/\/cesmegrandstar.com\/wp-content\/uploads\/2025\/06\/11951383_912562752155378_547472464671541037_n.jpg\" alt=\"\" \/><\/div><\/div><\/div><\/div><div class=\"img-el\" ><div class=\"w-100 pix-bounce-sm pix-duration-slow\"><div class=\"animate-in d-inline-block w-100\" data-anim-type=\"fade-in-up\" data-anim-delay=\"100\"><div class=\"tilt\"><img loading=\"lazy\" decoding=\"async\" width=\"1152\" height=\"2048\" class=\"pix-lazy rounded-lg shadow-lg shadow-hover-lg fly-sm d-inline-block\" loading=\"lazy\" data-srcset=\"https:\/\/cesmegrandstar.com\/wp-content\/uploads\/2025\/06\/Grand-Star-Up-169x300.jpg 169w, https:\/\/cesmegrandstar.com\/wp-content\/uploads\/2025\/06\/Grand-Star-Up-576x1024.jpg 576w, https:\/\/cesmegrandstar.com\/wp-content\/uploads\/2025\/06\/Grand-Star-Up-768x1365.jpg 768w, https:\/\/cesmegrandstar.com\/wp-content\/uploads\/2025\/06\/Grand-Star-Up-864x1536.jpg 864w, https:\/\/cesmegrandstar.com\/wp-content\/uploads\/2025\/06\/Grand-Star-Up.jpg 1152w\" src=\"https:\/\/cesmegrandstar.com\/wp-content\/plugins\/pixfort-core\/functions\/images\/loading.webp\" data-src=\"https:\/\/cesmegrandstar.com\/wp-content\/uploads\/2025\/06\/Grand-Star-Up.jpg\" alt=\"\" \/><\/div><\/div><\/div><\/div><\/div>\t\t\t\t<\/div>\n\t\t\t\t<\/div>\n\t\t\t\t\t<\/div>\n\t\t<\/div>\n\t\t\t\t\t<\/div>\n\t\t<\/section>\n\t\t\t\t<section class=\"elementor-section elementor-top-section elementor-element elementor-element-bef71d7 elementor-section-stretched elementor-section-full_width elementor-section-height-default elementor-section-height-default\" data-id=\"bef71d7\" data-element_type=\"section\" data-settings=\"{&quot;stretch_section&quot;:&quot;section-stretched&quot;,&quot;background_background&quot;:&quot;classic&quot;}\">\n\t\t\t\t\t\t<div class=\"elementor-container elementor-column-gap-no\">\n\t\t\t\t\t<div class=\"elementor-column elementor-col-100 elementor-top-column elementor-element elementor-element-d046a01\" data-id=\"d046a01\" data-element_type=\"column\">\n\t\t\t<div class=\"elementor-widget-wrap elementor-element-populated\">\n\t\t\t\t\t\t<div class=\"elementor-element elementor-element-41bd985 elementor-widget elementor-widget-pix-dividers\" data-id=\"41bd985\" data-element_type=\"widget\" data-widget_type=\"pix-dividers.default\">\n\t\t\t\t<div class=\"elementor-widget-container\">\n\t\t\t\t\t<div class=\"pix-divider  position-relative pix-bottom-divider\" data-style=\"style-17\" ><svg xmlns=\"http:\/\/www.w3.org\/2000\/svg\" width=\"100%\" height=\"500px\" viewBox=\"0 0 1200 480\" preserveAspectRatio=\"none\"><path fill=\"url(#divider-pix-accordion-181732-bottom-overlay-layer-3)\" d=\"M0,480 L0,128 C650.666667,262.933333 1050.66667,220.266667 1200,0 L1200,480 L0,480 Z\" \/><path fill=\"url(#divider-pix-accordion-181732-bottom-overlay-layer-2)\" d=\"M0,480 L0,274.666667 C722.666667,350.933333 1122.66667,266.044444 1200,20 L1200,480 L0,480 Z\"  \/><path fill=\"#ffffff\" d=\"M0,480 L0,421.333333 C800,421.333333 1200,294.222222 1200,40 L1200,480 L0,480 Z\"\/><defs><linearGradient id=\"divider-pix-accordion-181732-bottom-overlay-layer-3\" x1=\"0%\" y1=\"0%\" x2=\"100%\" y2=\"0%\"><stop offset=\"0%\"   stop-color=\"#E9ECEF\"\/><stop offset=\"100%\"   stop-color=\"#DEE2E6\"\/><\/linearGradient><linearGradient id=\"divider-pix-accordion-181732-bottom-overlay-layer-2\" x1=\"0%\" y1=\"0%\" x2=\"100%\" y2=\"0%\"><stop offset=\"0%\"   stop-color=\"rgba(255, 255, 255, 0.7)\"\/><stop offset=\"100%\"   stop-color=\"rgba(255, 255, 255, 0.7)\"\/><\/linearGradient><\/defs><\/svg><\/div>\t\t\t\t<\/div>\n\t\t\t\t<\/div>\n\t\t\t\t\t<\/div>\n\t\t<\/div>\n\t\t\t\t\t<\/div>\n\t\t<\/section>\n\t\t<div class=\"elementor-element elementor-element-395aae5 e-flex e-con-boxed e-con e-parent\" data-id=\"395aae5\" data-element_type=\"container\">\n\t\t\t\t\t<div class=\"e-con-inner\">\n\t\t\t\t<div class=\"elementor-element elementor-element-feeaed0 elementor-widget elementor-widget-spacer\" data-id=\"feeaed0\" data-element_type=\"widget\" data-widget_type=\"spacer.default\">\n\t\t\t\t<div class=\"elementor-widget-container\">\n\t\t\t\t\t\t\t<div class=\"elementor-spacer\">\n\t\t\t<div class=\"elementor-spacer-inner\"><\/div>\n\t\t<\/div>\n\t\t\t\t\t\t<\/div>\n\t\t\t\t<\/div>\n\t\t\t\t\t<\/div>\n\t\t\t\t<\/div>\n\t\t\t\t<\/div>\n\t\t","protected":false},"excerpt":{"rendered":"<p>40 Y\u0131l\u0131 A\u015fan Deneyim, Binlerce Mutlu Misafir Maviye&#32; A\u00e7\u0131lan&#32; Hikayemiz&#32; Grand Star olarak, denizcilik alan\u0131ndaki 40 y\u0131l\u0131 a\u015fk\u0131n tecr\u00fcbemizle sizlere sadece bir tekne turu de\u011fil, unutulmaz bir deniz deneyimi sunmay\u0131 ama\u00e7l\u0131yoruz. K\u00f6kleri denize uzanan bir aileden gelen kurucular\u0131m\u0131z ve deneyimli&#8230;<\/p>\n","protected":false},"author":1,"featured_media":0,"parent":0,"menu_order":0,"comment_status":"closed","ping_status":"closed","template":"","meta":{"footnotes":""},"class_list":["post-13649","page","type-page","status-publish","hentry"],"yoast_head":"<!-- This site is optimized with the Yoast SEO plugin v25.2 - https:\/\/yoast.com\/wordpress\/plugins\/seo\/ -->\n<title>Hakk\u0131m\u0131zda - \u00c7e\u015fme Grand Star Tekne Turlar\u0131<\/title>\n<meta name=\"description\" content=\"40 y\u0131l\u0131 a\u015fk\u0131n denizcilik tecr\u00fcbesiyle Grand Star, \u00c7e\u015fme\u2019de g\u00fcvenli ve keyifli tekne turlar\u0131n\u0131n adresi...\" \/>\n<meta name=\"robots\" content=\"index, follow, max-snippet:-1, max-image-preview:large, max-video-preview:-1\" \/>\n<link rel=\"canonical\" href=\"https:\/\/cesmegrandstar.com\/?page_id=13649\" \/>\n<meta property=\"og:locale\" content=\"tr_TR\" \/>\n<meta property=\"og:type\" content=\"article\" \/>\n<meta property=\"og:title\" content=\"Hakk\u0131m\u0131zda - \u00c7e\u015fme Grand Star Tekne Turlar\u0131\" \/>\n<meta property=\"og:description\" content=\"40 y\u0131l\u0131 a\u015fk\u0131n denizcilik tecr\u00fcbesiyle Grand Star, \u00c7e\u015fme\u2019de g\u00fcvenli ve keyifli tekne turlar\u0131n\u0131n adresi...\" \/>\n<meta property=\"og:url\" content=\"https:\/\/cesmegrandstar.com\/?page_id=13649\" \/>\n<meta property=\"og:site_name\" content=\"\u00c7e\u015fme Grand Star Tekne Turlar\u0131\" \/>\n<meta property=\"article:modified_time\" content=\"2025-09-15T10:50:59+00:00\" \/>\n<meta property=\"og:image\" content=\"https:\/\/cesmegrandstar.com\/wp-content\/plugins\/pixfort-core\/functions\/images\/loading.webp\" \/>\n<meta name=\"twitter:card\" content=\"summary_large_image\" \/>\n<meta name=\"twitter:label1\" content=\"Tahmini okuma s\u00fcresi\" \/>\n\t<meta name=\"twitter:data1\" content=\"1 dakika\" \/>\n<script type=\"application\/ld+json\" class=\"yoast-schema-graph\">{\"@context\":\"https:\/\/schema.org\",\"@graph\":[{\"@type\":\"WebPage\",\"@id\":\"https:\/\/cesmegrandstar.com\/?page_id=13649\",\"url\":\"https:\/\/cesmegrandstar.com\/?page_id=13649\",\"name\":\"Hakk\u0131m\u0131zda - \u00c7e\u015fme Grand Star Tekne Turlar\u0131\",\"isPartOf\":{\"@id\":\"https:\/\/cesmegrandstar.com\/#website\"},\"primaryImageOfPage\":{\"@id\":\"https:\/\/cesmegrandstar.com\/?page_id=13649#primaryimage\"},\"image\":{\"@id\":\"https:\/\/cesmegrandstar.com\/?page_id=13649#primaryimage\"},\"thumbnailUrl\":\"https:\/\/cesmegrandstar.com\/wp-content\/plugins\/pixfort-core\/functions\/images\/loading.webp\",\"datePublished\":\"2025-07-05T09:23:34+00:00\",\"dateModified\":\"2025-09-15T10:50:59+00:00\",\"description\":\"40 y\u0131l\u0131 a\u015fk\u0131n denizcilik tecr\u00fcbesiyle Grand Star, \u00c7e\u015fme\u2019de g\u00fcvenli ve keyifli tekne turlar\u0131n\u0131n adresi...\",\"breadcrumb\":{\"@id\":\"https:\/\/cesmegrandstar.com\/?page_id=13649#breadcrumb\"},\"inLanguage\":\"tr\",\"potentialAction\":[{\"@type\":\"ReadAction\",\"target\":[\"https:\/\/cesmegrandstar.com\/?page_id=13649\"]}]},{\"@type\":\"ImageObject\",\"inLanguage\":\"tr\",\"@id\":\"https:\/\/cesmegrandstar.com\/?page_id=13649#primaryimage\",\"url\":\"https:\/\/cesmegrandstar.com\/wp-content\/plugins\/pixfort-core\/functions\/images\/loading.webp\",\"contentUrl\":\"https:\/\/cesmegrandstar.com\/wp-content\/plugins\/pixfort-core\/functions\/images\/loading.webp\"},{\"@type\":\"BreadcrumbList\",\"@id\":\"https:\/\/cesmegrandstar.com\/?page_id=13649#breadcrumb\",\"itemListElement\":[{\"@type\":\"ListItem\",\"position\":1,\"name\":\"Anasayfa\",\"item\":\"https:\/\/cesmegrandstar.com\/\"},{\"@type\":\"ListItem\",\"position\":2,\"name\":\"Hakk\u0131m\u0131zda\"}]},{\"@type\":\"WebSite\",\"@id\":\"https:\/\/cesmegrandstar.com\/#website\",\"url\":\"https:\/\/cesmegrandstar.com\/\",\"name\":\"\u00c7e\u015fme Grand Star Tekne Turlar\u0131\",\"description\":\"\",\"potentialAction\":[{\"@type\":\"SearchAction\",\"target\":{\"@type\":\"EntryPoint\",\"urlTemplate\":\"https:\/\/cesmegrandstar.com\/?s={search_term_string}\"},\"query-input\":{\"@type\":\"PropertyValueSpecification\",\"valueRequired\":true,\"valueName\":\"search_term_string\"}}],\"inLanguage\":\"tr\"}]}<\/script>\n<!-- \/ Yoast SEO plugin. -->","yoast_head_json":{"title":"Hakk\u0131m\u0131zda - \u00c7e\u015fme Grand Star Tekne Turlar\u0131","description":"40 y\u0131l\u0131 a\u015fk\u0131n denizcilik tecr\u00fcbesiyle Grand Star, \u00c7e\u015fme\u2019de g\u00fcvenli ve keyifli tekne turlar\u0131n\u0131n adresi...","robots":{"index":"index","follow":"follow","max-snippet":"max-snippet:-1","max-image-preview":"max-image-preview:large","max-video-preview":"max-video-preview:-1"},"canonical":"https:\/\/cesmegrandstar.com\/?page_id=13649","og_locale":"tr_TR","og_type":"article","og_title":"Hakk\u0131m\u0131zda - \u00c7e\u015fme Grand Star Tekne Turlar\u0131","og_description":"40 y\u0131l\u0131 a\u015fk\u0131n denizcilik tecr\u00fcbesiyle Grand Star, \u00c7e\u015fme\u2019de g\u00fcvenli ve keyifli tekne turlar\u0131n\u0131n adresi...","og_url":"https:\/\/cesmegrandstar.com\/?page_id=13649","og_site_name":"\u00c7e\u015fme Grand Star Tekne Turlar\u0131","article_modified_time":"2025-09-15T10:50:59+00:00","og_image":[{"url":"https:\/\/cesmegrandstar.com\/wp-content\/plugins\/pixfort-core\/functions\/images\/loading.webp","type":"","width":"","height":""}],"twitter_card":"summary_large_image","twitter_misc":{"Tahmini okuma s\u00fcresi":"1 dakika"},"schema":{"@context":"https:\/\/schema.org","@graph":[{"@type":"WebPage","@id":"https:\/\/cesmegrandstar.com\/?page_id=13649","url":"https:\/\/cesmegrandstar.com\/?page_id=13649","name":"Hakk\u0131m\u0131zda - \u00c7e\u015fme Grand Star Tekne Turlar\u0131","isPartOf":{"@id":"https:\/\/cesmegrandstar.com\/#website"},"primaryImageOfPage":{"@id":"https:\/\/cesmegrandstar.com\/?page_id=13649#primaryimage"},"image":{"@id":"https:\/\/cesmegrandstar.com\/?page_id=13649#primaryimage"},"thumbnailUrl":"https:\/\/cesmegrandstar.com\/wp-content\/plugins\/pixfort-core\/functions\/images\/loading.webp","datePublished":"2025-07-05T09:23:34+00:00","dateModified":"2025-09-15T10:50:59+00:00","description":"40 y\u0131l\u0131 a\u015fk\u0131n denizcilik tecr\u00fcbesiyle Grand Star, \u00c7e\u015fme\u2019de g\u00fcvenli ve keyifli tekne turlar\u0131n\u0131n adresi...","breadcrumb":{"@id":"https:\/\/cesmegrandstar.com\/?page_id=13649#breadcrumb"},"inLanguage":"tr","potentialAction":[{"@type":"ReadAction","target":["https:\/\/cesmegrandstar.com\/?page_id=13649"]}]},{"@type":"ImageObject","inLanguage":"tr","@id":"https:\/\/cesmegrandstar.com\/?page_id=13649#primaryimage","url":"https:\/\/cesmegrandstar.com\/wp-content\/plugins\/pixfort-core\/functions\/images\/loading.webp","contentUrl":"https:\/\/cesmegrandstar.com\/wp-content\/plugins\/pixfort-core\/functions\/images\/loading.webp"},{"@type":"BreadcrumbList","@id":"https:\/\/cesmegrandstar.com\/?page_id=13649#breadcrumb","itemListElement":[{"@type":"ListItem","position":1,"name":"Anasayfa","item":"https:\/\/cesmegrandstar.com\/"},{"@type":"ListItem","position":2,"name":"Hakk\u0131m\u0131zda"}]},{"@type":"WebSite","@id":"https:\/\/cesmegrandstar.com\/#website","url":"https:\/\/cesmegrandstar.com\/","name":"\u00c7e\u015fme Grand Star Tekne Turlar\u0131","description":"","potentialAction":[{"@type":"SearchAction","target":{"@type":"EntryPoint","urlTemplate":"https:\/\/cesmegrandstar.com\/?s={search_term_string}"},"query-input":{"@type":"PropertyValueSpecification","valueRequired":true,"valueName":"search_term_string"}}],"inLanguage":"tr"}]}},"_links":{"self":[{"href":"https:\/\/cesmegrandstar.com\/index.php?rest_route=\/wp\/v2\/pages\/13649","targetHints":{"allow":["GET"]}}],"collection":[{"href":"https:\/\/cesmegrandstar.com\/index.php?rest_route=\/wp\/v2\/pages"}],"about":[{"href":"https:\/\/cesmegrandstar.com\/index.php?rest_route=\/wp\/v2\/types\/page"}],"author":[{"embeddable":true,"href":"https:\/\/cesmegrandstar.com\/index.php?rest_route=\/wp\/v2\/users\/1"}],"replies":[{"embeddable":true,"href":"https:\/\/cesmegrandstar.com\/index.php?rest_route=%2Fwp%2Fv2%2Fcomments&post=13649"}],"version-history":[{"count":5,"href":"https:\/\/cesmegrandstar.com\/index.php?rest_route=\/wp\/v2\/pages\/13649\/revisions"}],"predecessor-version":[{"id":13796,"href":"https:\/\/cesmegrandstar.com\/index.php?rest_route=\/wp\/v2\/pages\/13649\/revisions\/13796"}],"wp:attachment":[{"href":"https:\/\/cesmegrandstar.com\/index.php?rest_route=%2Fwp%2Fv2%2Fmedia&parent=13649"}],"curies":[{"name":"wp","href":"https:\/\/api.w.org\/{rel}","templated":true}]}}